{"id":3091,"date":"2026-01-27T11:28:46","date_gmt":"2026-01-27T11:28:46","guid":{"rendered":"https:\/\/shop.strategiesconsultingfirm.com\/product\/seance-dexpert-de-45-minutes\/"},"modified":"2026-03-10T09:05:34","modified_gmt":"2026-03-10T09:05:34","slug":"seance-dexpert-de-45-minutes","status":"publish","type":"product","link":"https:\/\/shop.strategiesconsultingfirm.com\/fr\/produit\/seance-dexpert-de-45-minutes\/","title":{"rendered":"Session de lancement de 45 min"},"content":{"rendered":"<p>45 minutes pour gagner en clart\u00e9 et structurer votre teambuilding !<br \/>\nRencontrez les experts STRATEGIES! en teambuilding pour explorer :<br \/>\n\u2022 Le profil d\u00e9taill\u00e9 de votre \u00e9quipe<br \/>\n\u2022 Les principaux d\u00e9fis rencontr\u00e9s par votre \u00e9quipe<br \/>\n\uf0b7 Les causes et les effets des d\u00e9fis<br \/>\n\uf0b7 Les attentes d\u00e9taill\u00e9es pour l\u2019\u00e9v\u00e9nement de teambuilding<br \/>\n\u2022 La capacit\u00e9 de facilitation<br \/>\n24 heures apr\u00e8s l\u2019appel, vous recevrez un document concis de 2 \u00e0 3 pages comprenant :<br \/>\n\u2022 Un d\u00e9roul\u00e9 d\u2019atelier recommand\u00e9<br \/>\n\u2022 Une estimation du temps par sujet<br \/>\n\u2022 La priorisation des sujets<br \/>\n\u2022 Des recommandations de facilitation<br \/>\n\u2022 Des conseils logistiques<br \/>\nVous gagnerez en structure, en focus et en confiance pour animer efficacement votre \u00e9v\u00e9nement de teambuilding.<br \/>\nR\u00e9servez votre session de lancement de 45 min d\u00e8s maintenant<\/p>\n","protected":false},"excerpt":{"rendered":"<p>Rencontrez les experts STRATEGIES! en teambuilding pour explorer :<\/p>\n<ul>\n<li>Le profil d\u00e9taill\u00e9 de votre \u00e9quipe<\/li>\n<li>Les principaux d\u00e9fis rencontr\u00e9s par votre \u00e9quipe<\/li>\n<li>Les causes et les effets des d\u00e9fis<\/li>\n<li>Les attentes d\u00e9taill\u00e9es pour l\u2019\u00e9v\u00e9nement de teambuilding<\/li>\n<li>La capacit\u00e9 de facilitation<\/li>\n<\/ul>\n","protected":false},"featured_media":0,"comment_status":"open","ping_status":"closed","template":"","meta":{"_acf_changed":false,"_monsterinsights_skip_tracking":false,"_monsterinsights_sitenote_active":false,"_monsterinsights_sitenote_note":"","_monsterinsights_sitenote_category":0,"site-sidebar-layout":"default","site-content-layout":"","ast-site-content-layout":"default","site-content-style":"default","site-sidebar-style":"default","ast-global-header-display":"","ast-banner-title-visibility":"","ast-main-header-display":"","ast-hfb-above-header-display":"","ast-hfb-below-header-display":"","ast-hfb-mobile-header-display":"","site-post-title":"","ast-breadcrumbs-content":"","ast-featured-img":"","footer-sml-layout":"","ast-disable-related-posts":"","theme-transparent-header-meta":"default","adv-header-id-meta":"","stick-header-meta":"default","header-above-stick-meta":"","header-main-stick-meta":"","header-below-stick-meta":"","astra-migrate-meta-layouts":"set","ast-page-background-enabled":"default","ast-page-background-meta":{"desktop":{"background-color":"","background-image":"","background-repeat":"repeat","background-position":"center center","background-size":"auto","background-attachment":"scroll","background-type":"","background-media":"","overlay-type":"","overlay-color":"","overlay-opacity":"","overlay-gradient":""},"tablet":{"background-color":"","background-image":"","background-repeat":"repeat","background-position":"center center","background-size":"auto","background-attachment":"scroll","background-type":"","background-media":"","overlay-type":"","overlay-color":"","overlay-opacity":"","overlay-gradient":""},"mobile":{"background-color":"","background-image":"","background-repeat":"repeat","background-position":"center center","background-size":"auto","background-attachment":"scroll","background-type":"","background-media":"","overlay-type":"","overlay-color":"","overlay-opacity":"","overlay-gradient":""}},"ast-content-background-meta":{"desktop":{"background-color":"var(--ast-global-color-5)","background-image":"","background-repeat":"repeat","background-position":"center center","background-size":"auto","background-attachment":"scroll","background-type":"","background-media":"","overlay-type":"","overlay-color":"","overlay-opacity":"","overlay-gradient":""},"tablet":{"background-color":"var(--ast-global-color-5)","background-image":"","background-repeat":"repeat","background-position":"center center","background-size":"auto","background-attachment":"scroll","background-type":"","background-media":"","overlay-type":"","overlay-color":"","overlay-opacity":"","overlay-gradient":""},"mobile":{"background-color":"var(--ast-global-color-5)","background-image":"","background-repeat":"repeat","background-position":"center center","background-size":"auto","background-attachment":"scroll","background-type":"","background-media":"","overlay-type":"","overlay-color":"","overlay-opacity":"","overlay-gradient":""}}},"product_brand":[],"product_cat":[35],"product_tag":[],"class_list":{"0":"post-3091","1":"product","2":"type-product","3":"status-publish","5":"product_cat-non-categorise","6":"desktop-align-left","7":"tablet-align-left","8":"mobile-align-left","9":"ast-product-gallery-layout-horizontal-slider","10":"ast-product-gallery-with-no-image","11":"ast-product-tabs-layout-horizontal","13":"first","14":"instock","15":"sale","16":"sold-individually","17":"shipping-taxable","18":"purchasable","19":"product-type-simple"},"acf":[],"_links":{"self":[{"href":"https:\/\/shop.strategiesconsultingfirm.com\/fr\/wp-json\/wp\/v2\/product\/3091","targetHints":{"allow":["GET"]}}],"collection":[{"href":"https:\/\/shop.strategiesconsultingfirm.com\/fr\/wp-json\/wp\/v2\/product"}],"about":[{"href":"https:\/\/shop.strategiesconsultingfirm.com\/fr\/wp-json\/wp\/v2\/types\/product"}],"replies":[{"embeddable":true,"href":"https:\/\/shop.strategiesconsultingfirm.com\/fr\/wp-json\/wp\/v2\/comments?post=3091"}],"wp:attachment":[{"href":"https:\/\/shop.strategiesconsultingfirm.com\/fr\/wp-json\/wp\/v2\/media?parent=3091"}],"wp:term":[{"taxonomy":"product_brand","embeddable":true,"href":"https:\/\/shop.strategiesconsultingfirm.com\/fr\/wp-json\/wp\/v2\/product_brand?post=3091"},{"taxonomy":"product_cat","embeddable":true,"href":"https:\/\/shop.strategiesconsultingfirm.com\/fr\/wp-json\/wp\/v2\/product_cat?post=3091"},{"taxonomy":"product_tag","embeddable":true,"href":"https:\/\/shop.strategiesconsultingfirm.com\/fr\/wp-json\/wp\/v2\/product_tag?post=3091"}],"curies":[{"name":"wp","href":"https:\/\/api.w.org\/{rel}","templated":true}]}}