{"id":3044,"date":"2026-01-14T11:19:59","date_gmt":"2026-01-14T11:19:59","guid":{"rendered":"https:\/\/shop.strategiesconsultingfirm.com\/product\/recommandations-strategiques-dexperts\/"},"modified":"2026-02-24T13:22:10","modified_gmt":"2026-02-24T13:22:10","slug":"recommandations-strategiques-dexperts","status":"publish","type":"product","link":"https:\/\/shop.strategiesconsultingfirm.com\/fr\/produit\/recommandations-strategiques-dexperts\/","title":{"rendered":"Rapport d\u2019\u00e9valuation et strat\u00e9gie \u00e9v\u00e9nementielle (ARES)"},"content":{"rendered":"<p>Comprenez les besoins de votre personnel pour une session de teambuilding !<br \/>\nLe rapport ARES vous fournira une analyse structur\u00e9e de la dynamique et des priorit\u00e9s de l\u2019\u00e9quipe,<br \/>\nbas\u00e9e sur les informations fournies dans l\u2019\u00e9valuation des besoins. Si vous ne l\u2019avez pas encore fait,<br \/>\nremplissez le formulaire d\u2019\u00e9valuation gratuite des besoins ICI (Ajouter le lien)<br \/>\nApr\u00e8s avoir compl\u00e9t\u00e9 l\u2019\u00e9valuation des besoins, \u00e9laborez votre strat\u00e9gie \u00e9v\u00e9nementielle.<br \/>\nDans les 48 heures, vous recevrez un rapport d\u2019\u00e9valuation et une strat\u00e9gie \u00e9v\u00e9nementielle (ARES) qui<br \/>\ninclut :<br \/>\n&#8211; Une analyse d\u00e9taill\u00e9e de la situation de l\u2019\u00e9quipe<br \/>\n&#8211; Une description structur\u00e9e des d\u00e9fis cl\u00e9s<br \/>\n&#8211; Les priorit\u00e9s cl\u00e9s \u00e0 couvrir lors de l\u2019\u00e9v\u00e9nement de teambuilding<br \/>\n&#8211; Des recommandations pratiques pour structurer votre \u00e9v\u00e9nement de teambuilding <\/p>\n","protected":false},"excerpt":{"rendered":"<p>Comprenez les besoins de votre personnel pour une session de teambuilding.<\/p>\n<p>Le rapport ARES vous fournira une analyse structur\u00e9e de la dynamique et des priorit\u00e9s de l\u2019\u00e9quipe, bas\u00e9e sur les informations fournies dans l\u2019\u00e9valuation des besoins.<\/p>\n","protected":false},"featured_media":0,"comment_status":"open","ping_status":"closed","template":"","meta":{"_acf_changed":false,"_monsterinsights_skip_tracking":false,"_monsterinsights_sitenote_active":false,"_monsterinsights_sitenote_note":"","_monsterinsights_sitenote_category":0,"site-sidebar-layout":"default","site-content-layout":"","ast-site-content-layout":"default","site-content-style":"default","site-sidebar-style":"default","ast-global-header-display":"","ast-banner-title-visibility":"","ast-main-header-display":"","ast-hfb-above-header-display":"","ast-hfb-below-header-display":"","ast-hfb-mobile-header-display":"","site-post-title":"","ast-breadcrumbs-content":"","ast-featured-img":"","footer-sml-layout":"","ast-disable-related-posts":"","theme-transparent-header-meta":"default","adv-header-id-meta":"","stick-header-meta":"default","header-above-stick-meta":"","header-main-stick-meta":"","header-below-stick-meta":"","astra-migrate-meta-layouts":"default","ast-page-background-enabled":"default","ast-page-background-meta":{"desktop":{"background-color":"","background-image":"","background-repeat":"repeat","background-position":"center center","background-size":"auto","background-attachment":"scroll","background-type":"","background-media":"","overlay-type":"","overlay-color":"","overlay-opacity":"","overlay-gradient":""},"tablet":{"background-color":"","background-image":"","background-repeat":"repeat","background-position":"center center","background-size":"auto","background-attachment":"scroll","background-type":"","background-media":"","overlay-type":"","overlay-color":"","overlay-opacity":"","overlay-gradient":""},"mobile":{"background-color":"","background-image":"","background-repeat":"repeat","background-position":"center center","background-size":"auto","background-attachment":"scroll","background-type":"","background-media":"","overlay-type":"","overlay-color":"","overlay-opacity":"","overlay-gradient":""}},"ast-content-background-meta":{"desktop":{"background-color":"var(--ast-global-color-5)","background-image":"","background-repeat":"repeat","background-position":"center center","background-size":"auto","background-attachment":"scroll","background-type":"","background-media":"","overlay-type":"","overlay-color":"","overlay-opacity":"","overlay-gradient":""},"tablet":{"background-color":"var(--ast-global-color-5)","background-image":"","background-repeat":"repeat","background-position":"center center","background-size":"auto","background-attachment":"scroll","background-type":"","background-media":"","overlay-type":"","overlay-color":"","overlay-opacity":"","overlay-gradient":""},"mobile":{"background-color":"var(--ast-global-color-5)","background-image":"","background-repeat":"repeat","background-position":"center center","background-size":"auto","background-attachment":"scroll","background-type":"","background-media":"","overlay-type":"","overlay-color":"","overlay-opacity":"","overlay-gradient":""}}},"product_brand":[],"product_cat":[35],"product_tag":[],"class_list":{"0":"post-3044","1":"product","2":"type-product","3":"status-publish","5":"product_cat-non-categorise","6":"desktop-align-left","7":"tablet-align-left","8":"mobile-align-left","9":"ast-product-gallery-layout-horizontal-slider","10":"ast-product-gallery-with-no-image","11":"ast-product-tabs-layout-horizontal","13":"first","14":"instock","15":"sold-individually","16":"shipping-taxable","17":"purchasable","18":"product-type-simple"},"acf":[],"_links":{"self":[{"href":"https:\/\/shop.strategiesconsultingfirm.com\/fr\/wp-json\/wp\/v2\/product\/3044","targetHints":{"allow":["GET"]}}],"collection":[{"href":"https:\/\/shop.strategiesconsultingfirm.com\/fr\/wp-json\/wp\/v2\/product"}],"about":[{"href":"https:\/\/shop.strategiesconsultingfirm.com\/fr\/wp-json\/wp\/v2\/types\/product"}],"replies":[{"embeddable":true,"href":"https:\/\/shop.strategiesconsultingfirm.com\/fr\/wp-json\/wp\/v2\/comments?post=3044"}],"wp:attachment":[{"href":"https:\/\/shop.strategiesconsultingfirm.com\/fr\/wp-json\/wp\/v2\/media?parent=3044"}],"wp:term":[{"taxonomy":"product_brand","embeddable":true,"href":"https:\/\/shop.strategiesconsultingfirm.com\/fr\/wp-json\/wp\/v2\/product_brand?post=3044"},{"taxonomy":"product_cat","embeddable":true,"href":"https:\/\/shop.strategiesconsultingfirm.com\/fr\/wp-json\/wp\/v2\/product_cat?post=3044"},{"taxonomy":"product_tag","embeddable":true,"href":"https:\/\/shop.strategiesconsultingfirm.com\/fr\/wp-json\/wp\/v2\/product_tag?post=3044"}],"curies":[{"name":"wp","href":"https:\/\/api.w.org\/{rel}","templated":true}]}}